{"id":8,"date":"2018-11-26T08:47:44","date_gmt":"2018-11-26T11:47:44","guid":{"rendered":"http:\/\/niorg.com.br\/?page_id=8"},"modified":"2022-07-28T13:24:20","modified_gmt":"2022-07-28T16:24:20","slug":"home","status":"publish","type":"page","link":"https:\/\/niorg.com.br\/","title":{"rendered":"Home"},"content":{"rendered":"\t\t<div data-elementor-type=\"wp-post\" data-elementor-id=\"8\" class=\"elementor elementor-8\" data-elementor-post-type=\"page\">\n\t\t\t\t\t\t<section class=\"elementor-section elementor-top-section elementor-element elementor-element-dc81ff3 elementor-section-full_width elementor-section-height-default elementor-section-height-default\" data-id=\"dc81ff3\" data-element_type=\"section\">\n\t\t\t\t\t\t<div class=\"elementor-container elementor-column-gap-no\">\n\t\t\t\t\t<div class=\"elementor-column elementor-col-100 elementor-top-column elementor-element elementor-element-4af861d\" data-id=\"4af861d\" data-element_type=\"column\">\n\t\t\t<div class=\"elementor-widget-wrap elementor-element-populated\">\n\t\t\t\t\t\t<div class=\"elementor-element elementor-element-5fcded8 elementor-widget elementor-widget-shortcode\" data-id=\"5fcded8\" data-element_type=\"widget\" data-widget_type=\"shortcode.default\">\n\t\t\t\t<div class=\"elementor-widget-container\">\n\t\t\t\t\t<div class=\"elementor-shortcode\"><div id=\"metaslider-id-1029\" style=\"max-width: falsepx;\" class=\"ml-slider-3-90-0 metaslider metaslider-flex metaslider-1029 ml-slider ms-theme-outline has-dots-nav\" role=\"region\" aria-roledescription=\"Slideshow\" aria-label=\"Slide 1\">\n    <div id=\"metaslider_container_1029\">\n        <div id=\"metaslider_1029\">\n            <ul class='slides'>\n                <li style=\"display: block; width: 100%;\" class=\"slide-1040 ms-image \" aria-roledescription=\"slide\" aria-label=\"slide-1040\"><img decoding=\"async\" src=\"https:\/\/niorg.com.br\/wp-content\/uploads\/2019\/05\/slide-2-img-new-03-05-2019-compress-0x0.jpg\" alt=\"\" class=\"slider-1029 slide-1040\" \/><\/li>\n                <li style=\"display: none; width: 100%;\" class=\"slide-1387 ms-image \" aria-roledescription=\"slide\" aria-label=\"slide-1387\"><img decoding=\"async\" src=\"https:\/\/niorg.com.br\/wp-content\/uploads\/2019\/02\/slide-1-frase-nove-1-compress-0x0.jpg\" alt=\"\" class=\"slider-1029 slide-1387\" \/><\/li>\n                <li style=\"display: none; width: 100%;\" class=\"slide-1107 ms-image \" aria-roledescription=\"slide\" aria-label=\"slide-1107\"><img decoding=\"async\" src=\"https:\/\/niorg.com.br\/wp-content\/uploads\/2019\/02\/slide-3-frase-bag-2-2-2-compress-0x0.jpg\" alt=\"\" class=\"slider-1029 slide-1107\" \/><\/li>\n                <li style=\"display: none; width: 100%;\" class=\"slide-1033 ms-image \" aria-roledescription=\"slide\" aria-label=\"slide-1033\"><img decoding=\"async\" src=\"https:\/\/niorg.com.br\/wp-content\/uploads\/2019\/02\/slide-4-frase-bag-0x0.jpg\" alt=\"\" class=\"slider-1029 slide-1033\" \/><\/li>\n            <\/ul>\n        <\/div>\n        \n    <\/div>\n<\/div><\/div>\n\t\t\t\t<\/div>\n\t\t\t\t<\/div>\n\t\t\t\t<section class=\"elementor-section elementor-inner-section elementor-element elementor-element-0d3e98b elementor-section-boxed elementor-section-height-default elementor-section-height-default\" data-id=\"0d3e98b\" data-element_type=\"section\">\n\t\t\t\t\t\t<div class=\"elementor-container elementor-column-gap-default\">\n\t\t\t\t\t<div class=\"elementor-column elementor-col-100 elementor-inner-column elementor-element elementor-element-4c4fe31\" data-id=\"4c4fe31\" data-element_type=\"column\">\n\t\t\t<div class=\"elementor-widget-wrap elementor-element-populated\">\n\t\t\t\t\t\t<div class=\"elementor-element elementor-element-3882f76 elementor-widget elementor-widget-heading\" data-id=\"3882f76\" data-element_type=\"widget\" data-widget_type=\"heading.default\">\n\t\t\t\t<div class=\"elementor-widget-container\">\n\t\t\t<h2 class=\"elementor-heading-title elementor-size-default\">Niorg Fertilizantes<\/h2>\t\t<\/div>\n\t\t\t\t<\/div>\n\t\t\t\t<div class=\"elementor-element elementor-element-3e7b321 elementor-widget elementor-widget-heading\" data-id=\"3e7b321\" data-element_type=\"widget\" data-widget_type=\"heading.default\">\n\t\t\t\t<div class=\"elementor-widget-container\">\n\t\t\t<h2 class=\"elementor-heading-title elementor-size-default\">Amor a Terra<\/h2>\t\t<\/div>\n\t\t\t\t<\/div>\n\t\t\t\t<div class=\"elementor-element elementor-element-3e2d873 elementor-widget elementor-widget-video\" data-id=\"3e2d873\" data-element_type=\"widget\" data-settings=\"{&quot;youtube_url&quot;:&quot;https:\\\/\\\/www.youtube.com\\\/watch?v=rrKFAqEDcW4&quot;,&quot;video_type&quot;:&quot;youtube&quot;,&quot;controls&quot;:&quot;yes&quot;}\" data-widget_type=\"video.default\">\n\t\t\t\t<div class=\"elementor-widget-container\">\n\t\t\t\t\t<div class=\"elementor-wrapper elementor-open-inline\">\n\t\t\t<div class=\"elementor-video\"><\/div>\t\t<\/div>\n\t\t\t\t<\/div>\n\t\t\t\t<\/div>\n\t\t\t\t\t<\/div>\n\t\t<\/div>\n\t\t\t\t\t<\/div>\n\t\t<\/section>\n\t\t\t\t\t<\/div>\n\t\t<\/div>\n\t\t\t\t\t<\/div>\n\t\t<\/section>\n\t\t\t\t<section class=\"elementor-section elementor-top-section elementor-element elementor-element-1b5248b elementor-section-boxed elementor-section-height-default elementor-section-height-default\" data-id=\"1b5248b\" data-element_type=\"section\" data-settings=\"{&quot;background_background&quot;:&quot;classic&quot;}\">\n\t\t\t\t\t\t\t<div class=\"elementor-background-overlay\"><\/div>\n\t\t\t\t\t\t\t<div class=\"elementor-container elementor-column-gap-no\">\n\t\t\t\t\t<div class=\"elementor-column elementor-col-100 elementor-top-column elementor-element elementor-element-ecc7cfb\" data-id=\"ecc7cfb\" data-element_type=\"column\">\n\t\t\t<div class=\"elementor-widget-wrap elementor-element-populated\">\n\t\t\t\t\t\t<section class=\"elementor-section elementor-inner-section elementor-element elementor-element-56583b1 elementor-section-boxed elementor-section-height-default elementor-section-height-default\" data-id=\"56583b1\" data-element_type=\"section\">\n\t\t\t\t\t\t<div class=\"elementor-container elementor-column-gap-no\">\n\t\t\t\t\t<div class=\"elementor-column elementor-col-100 elementor-inner-column elementor-element elementor-element-6d5f7ea\" data-id=\"6d5f7ea\" data-element_type=\"column\">\n\t\t\t<div class=\"elementor-widget-wrap elementor-element-populated\">\n\t\t\t\t\t\t<div class=\"elementor-element elementor-element-1e2c0a8 elementor-widget elementor-widget-heading\" data-id=\"1e2c0a8\" data-element_type=\"widget\" data-widget_type=\"heading.default\">\n\t\t\t\t<div class=\"elementor-widget-container\">\n\t\t\t<h2 class=\"elementor-heading-title elementor-size-default\">Niorg Fertilizantes<\/h2>\t\t<\/div>\n\t\t\t\t<\/div>\n\t\t\t\t<div class=\"elementor-element elementor-element-d3c05fa elementor-widget elementor-widget-heading\" data-id=\"d3c05fa\" data-element_type=\"widget\" data-widget_type=\"heading.default\">\n\t\t\t\t<div class=\"elementor-widget-container\">\n\t\t\t<h2 class=\"elementor-heading-title elementor-size-default\">Solu\u00e7\u00f5es Agr\u00edcolas Inovadoras<\/h2>\t\t<\/div>\n\t\t\t\t<\/div>\n\t\t\t\t<div class=\"elementor-element elementor-element-8be604d elementor-widget elementor-widget-heading\" data-id=\"8be604d\" data-element_type=\"widget\" data-widget_type=\"heading.default\">\n\t\t\t\t<div class=\"elementor-widget-container\">\n\t\t\t<h2 class=\"elementor-heading-title elementor-size-default\">Oferecemos produtos e servi\u00e7os de alta qualidade e confiabilidade.<\/h2>\t\t<\/div>\n\t\t\t\t<\/div>\n\t\t\t\t\t<\/div>\n\t\t<\/div>\n\t\t\t\t\t<\/div>\n\t\t<\/section>\n\t\t\t\t<section class=\"elementor-section elementor-inner-section elementor-element elementor-element-829450a elementor-section-content-middle elementor-section-boxed elementor-section-height-default elementor-section-height-default\" data-id=\"829450a\" data-element_type=\"section\">\n\t\t\t\t\t\t<div class=\"elementor-container elementor-column-gap-no\">\n\t\t\t\t\t<div class=\"elementor-column elementor-col-33 elementor-inner-column elementor-element elementor-element-f747f0e\" data-id=\"f747f0e\" data-element_type=\"column\" data-settings=\"{&quot;background_background&quot;:&quot;classic&quot;}\">\n\t\t\t<div class=\"elementor-widget-wrap elementor-element-populated\">\n\t\t\t\t\t\t<div class=\"elementor-element elementor-element-3fad17a elementor-widget elementor-widget-image\" data-id=\"3fad17a\" data-element_type=\"widget\" data-widget_type=\"image.default\">\n\t\t\t\t<div class=\"elementor-widget-container\">\n\t\t\t\t\t\t\t\t\t\t\t\t\t<img fetchpriority=\"high\" decoding=\"async\" width=\"500\" height=\"500\" src=\"https:\/\/niorg.com.br\/wp-content\/uploads\/2018\/12\/engr-compress.png\" class=\"attachment-full size-full wp-image-146\" alt=\"\" srcset=\"https:\/\/niorg.com.br\/wp-content\/uploads\/2018\/12\/engr-compress.png 500w, https:\/\/niorg.com.br\/wp-content\/uploads\/2018\/12\/engr-compress-150x150.png 150w, https:\/\/niorg.com.br\/wp-content\/uploads\/2018\/12\/engr-compress-300x300.png 300w\" sizes=\"(max-width: 500px) 100vw, 500px\" \/>\t\t\t\t\t\t\t\t\t\t\t\t\t<\/div>\n\t\t\t\t<\/div>\n\t\t\t\t<div class=\"elementor-element elementor-element-178e35b elementor-widget elementor-widget-heading\" data-id=\"178e35b\" data-element_type=\"widget\" data-widget_type=\"heading.default\">\n\t\t\t\t<div class=\"elementor-widget-container\">\n\t\t\t<h2 class=\"elementor-heading-title elementor-size-default\">Tecnologia<\/h2>\t\t<\/div>\n\t\t\t\t<\/div>\n\t\t\t\t<div class=\"elementor-element elementor-element-8c53294 elementor-widget-divider--view-line elementor-widget elementor-widget-divider\" data-id=\"8c53294\" data-element_type=\"widget\" data-widget_type=\"divider.default\">\n\t\t\t\t<div class=\"elementor-widget-container\">\n\t\t\t\t\t<div class=\"elementor-divider\">\n\t\t\t<span class=\"elementor-divider-separator\">\n\t\t\t\t\t\t<\/span>\n\t\t<\/div>\n\t\t\t\t<\/div>\n\t\t\t\t<\/div>\n\t\t\t\t<div class=\"elementor-element elementor-element-00a9133 elementor-widget elementor-widget-heading\" data-id=\"00a9133\" data-element_type=\"widget\" data-widget_type=\"heading.default\">\n\t\t\t\t<div class=\"elementor-widget-container\">\n\t\t\t<h2 class=\"elementor-heading-title elementor-size-default\">Desde 2001 \u00e0 frente de pesquisas no mercado agr\u00edcola<\/h2>\t\t<\/div>\n\t\t\t\t<\/div>\n\t\t\t\t\t<\/div>\n\t\t<\/div>\n\t\t\t\t<div class=\"elementor-column elementor-col-33 elementor-inner-column elementor-element elementor-element-c789c57\" data-id=\"c789c57\" data-element_type=\"column\" data-settings=\"{&quot;background_background&quot;:&quot;classic&quot;}\">\n\t\t\t<div class=\"elementor-widget-wrap elementor-element-populated\">\n\t\t\t\t\t\t<div class=\"elementor-element elementor-element-aae0de2 elementor-widget elementor-widget-image\" data-id=\"aae0de2\" data-element_type=\"widget\" data-widget_type=\"image.default\">\n\t\t\t\t<div class=\"elementor-widget-container\">\n\t\t\t\t\t\t\t\t\t\t\t\t\t<img decoding=\"async\" width=\"500\" height=\"500\" src=\"https:\/\/niorg.com.br\/wp-content\/uploads\/2018\/12\/check-list-compress.png\" class=\"attachment-full size-full wp-image-145\" alt=\"\" srcset=\"https:\/\/niorg.com.br\/wp-content\/uploads\/2018\/12\/check-list-compress.png 500w, https:\/\/niorg.com.br\/wp-content\/uploads\/2018\/12\/check-list-compress-150x150.png 150w, https:\/\/niorg.com.br\/wp-content\/uploads\/2018\/12\/check-list-compress-300x300.png 300w\" sizes=\"(max-width: 500px) 100vw, 500px\" \/>\t\t\t\t\t\t\t\t\t\t\t\t\t<\/div>\n\t\t\t\t<\/div>\n\t\t\t\t<div class=\"elementor-element elementor-element-69606a0 elementor-widget elementor-widget-heading\" data-id=\"69606a0\" data-element_type=\"widget\" data-widget_type=\"heading.default\">\n\t\t\t\t<div class=\"elementor-widget-container\">\n\t\t\t<h2 class=\"elementor-heading-title elementor-size-default\">Qualidade<\/h2>\t\t<\/div>\n\t\t\t\t<\/div>\n\t\t\t\t<div class=\"elementor-element elementor-element-c457e60 elementor-widget-divider--view-line elementor-widget elementor-widget-divider\" data-id=\"c457e60\" data-element_type=\"widget\" data-widget_type=\"divider.default\">\n\t\t\t\t<div class=\"elementor-widget-container\">\n\t\t\t\t\t<div class=\"elementor-divider\">\n\t\t\t<span class=\"elementor-divider-separator\">\n\t\t\t\t\t\t<\/span>\n\t\t<\/div>\n\t\t\t\t<\/div>\n\t\t\t\t<\/div>\n\t\t\t\t<div class=\"elementor-element elementor-element-2c94390 elementor-widget elementor-widget-heading\" data-id=\"2c94390\" data-element_type=\"widget\" data-widget_type=\"heading.default\">\n\t\t\t\t<div class=\"elementor-widget-container\">\n\t\t\t<h2 class=\"elementor-heading-title elementor-size-default\">Fertilizantes desenvolvidos com a mais alta tecnologia<\/h2>\t\t<\/div>\n\t\t\t\t<\/div>\n\t\t\t\t\t<\/div>\n\t\t<\/div>\n\t\t\t\t<div class=\"elementor-column elementor-col-33 elementor-inner-column elementor-element elementor-element-528b90b\" data-id=\"528b90b\" data-element_type=\"column\" data-settings=\"{&quot;background_background&quot;:&quot;classic&quot;}\">\n\t\t\t<div class=\"elementor-widget-wrap elementor-element-populated\">\n\t\t\t\t\t\t<div class=\"elementor-element elementor-element-4505da6 elementor-widget elementor-widget-image\" data-id=\"4505da6\" data-element_type=\"widget\" data-widget_type=\"image.default\">\n\t\t\t\t<div class=\"elementor-widget-container\">\n\t\t\t\t\t\t\t\t\t\t\t\t\t<img decoding=\"async\" width=\"500\" height=\"500\" src=\"https:\/\/niorg.com.br\/wp-content\/uploads\/2018\/12\/terra-compress.png\" class=\"attachment-full size-full wp-image-147\" alt=\"\" srcset=\"https:\/\/niorg.com.br\/wp-content\/uploads\/2018\/12\/terra-compress.png 500w, https:\/\/niorg.com.br\/wp-content\/uploads\/2018\/12\/terra-compress-150x150.png 150w, https:\/\/niorg.com.br\/wp-content\/uploads\/2018\/12\/terra-compress-300x300.png 300w\" sizes=\"(max-width: 500px) 100vw, 500px\" \/>\t\t\t\t\t\t\t\t\t\t\t\t\t<\/div>\n\t\t\t\t<\/div>\n\t\t\t\t<div class=\"elementor-element elementor-element-a5f3276 elementor-widget elementor-widget-heading\" data-id=\"a5f3276\" data-element_type=\"widget\" data-widget_type=\"heading.default\">\n\t\t\t\t<div class=\"elementor-widget-container\">\n\t\t\t<h2 class=\"elementor-heading-title elementor-size-default\">Produtividade<\/h2>\t\t<\/div>\n\t\t\t\t<\/div>\n\t\t\t\t<div class=\"elementor-element elementor-element-38ebcfb elementor-widget-divider--view-line elementor-widget elementor-widget-divider\" data-id=\"38ebcfb\" data-element_type=\"widget\" data-widget_type=\"divider.default\">\n\t\t\t\t<div class=\"elementor-widget-container\">\n\t\t\t\t\t<div class=\"elementor-divider\">\n\t\t\t<span class=\"elementor-divider-separator\">\n\t\t\t\t\t\t<\/span>\n\t\t<\/div>\n\t\t\t\t<\/div>\n\t\t\t\t<\/div>\n\t\t\t\t<div class=\"elementor-element elementor-element-ddafae8 elementor-widget elementor-widget-heading\" data-id=\"ddafae8\" data-element_type=\"widget\" data-widget_type=\"heading.default\">\n\t\t\t\t<div class=\"elementor-widget-container\">\n\t\t\t<h2 class=\"elementor-heading-title elementor-size-default\">Solu\u00e7\u00f5es agr\u00edcolas ambientalmente adequadas<\/h2>\t\t<\/div>\n\t\t\t\t<\/div>\n\t\t\t\t\t<\/div>\n\t\t<\/div>\n\t\t\t\t\t<\/div>\n\t\t<\/section>\n\t\t\t\t<section class=\"elementor-section elementor-inner-section elementor-element elementor-element-6d7fa9f elementor-section-full_width elementor-section-content-middle elementor-section-height-default elementor-section-height-default\" data-id=\"6d7fa9f\" data-element_type=\"section\">\n\t\t\t\t\t\t<div class=\"elementor-container elementor-column-gap-no\">\n\t\t\t\t\t<div class=\"elementor-column elementor-col-66 elementor-inner-column elementor-element elementor-element-649ad9f\" data-id=\"649ad9f\" data-element_type=\"column\">\n\t\t\t<div class=\"elementor-widget-wrap elementor-element-populated\">\n\t\t\t\t\t\t<div class=\"elementor-element elementor-element-dc03d1a elementor-widget elementor-widget-image\" data-id=\"dc03d1a\" data-element_type=\"widget\" data-widget_type=\"image.default\">\n\t\t\t\t<div class=\"elementor-widget-container\">\n\t\t\t\t\t\t\t\t\t\t\t\t\t<img loading=\"lazy\" decoding=\"async\" width=\"700\" height=\"525\" src=\"https:\/\/niorg.com.br\/wp-content\/uploads\/2019\/02\/EXPORT-1-compress.png\" class=\"attachment-full size-full wp-image-619\" alt=\"\" srcset=\"https:\/\/niorg.com.br\/wp-content\/uploads\/2019\/02\/EXPORT-1-compress.png 700w, https:\/\/niorg.com.br\/wp-content\/uploads\/2019\/02\/EXPORT-1-compress-300x225.png 300w\" sizes=\"(max-width: 700px) 100vw, 700px\" \/>\t\t\t\t\t\t\t\t\t\t\t\t\t<\/div>\n\t\t\t\t<\/div>\n\t\t\t\t\t<\/div>\n\t\t<\/div>\n\t\t\t\t<div class=\"elementor-column elementor-col-33 elementor-inner-column elementor-element elementor-element-5c64c9c\" data-id=\"5c64c9c\" data-element_type=\"column\">\n\t\t\t<div class=\"elementor-widget-wrap elementor-element-populated\">\n\t\t\t\t\t\t<div class=\"elementor-element elementor-element-bbd6287 elementor-widget elementor-widget-heading\" data-id=\"bbd6287\" data-element_type=\"widget\" data-widget_type=\"heading.default\">\n\t\t\t\t<div class=\"elementor-widget-container\">\n\t\t\t<h2 class=\"elementor-heading-title elementor-size-default\">Niorg Fertilizantes<\/h2>\t\t<\/div>\n\t\t\t\t<\/div>\n\t\t\t\t<div class=\"elementor-element elementor-element-56287b7 elementor-widget elementor-widget-heading\" data-id=\"56287b7\" data-element_type=\"widget\" data-widget_type=\"heading.default\">\n\t\t\t\t<div class=\"elementor-widget-container\">\n\t\t\t<h2 class=\"elementor-heading-title elementor-size-default\">Melhor Desempenho Da Sua Lavoura<\/h2>\t\t<\/div>\n\t\t\t\t<\/div>\n\t\t\t\t<div class=\"elementor-element elementor-element-5d0dd97 elementor-widget elementor-widget-heading\" data-id=\"5d0dd97\" data-element_type=\"widget\" data-widget_type=\"heading.default\">\n\t\t\t\t<div class=\"elementor-widget-container\">\n\t\t\t<h2 class=\"elementor-heading-title elementor-size-default\">Com a mais alta tecnologia, produzimos os melhores fertilizantes para a nutri\u00e7\u00e3o vegetal e rentabilidade da sua produ\u00e7\u00e3o. Conhe\u00e7a nossos produtos.<\/h2>\t\t<\/div>\n\t\t\t\t<\/div>\n\t\t\t\t<div class=\"elementor-element elementor-element-cd6db18 elementor-align-left elementor-mobile-align-center elementor-tablet-align-left elementor-widget elementor-widget-button\" data-id=\"cd6db18\" data-element_type=\"widget\" data-widget_type=\"button.default\">\n\t\t\t\t<div class=\"elementor-widget-container\">\n\t\t\t\t\t<div class=\"elementor-button-wrapper\">\n\t\t\t<a class=\"elementor-button elementor-button-link elementor-size-sm\" href=\"http:\/\/niorg.com.br\/?page_id=29\">\n\t\t\t\t\t\t<span class=\"elementor-button-content-wrapper\">\n\t\t\t\t\t\t\t\t\t<span class=\"elementor-button-text\">Saiba Mais<\/span>\n\t\t\t\t\t<\/span>\n\t\t\t\t\t<\/a>\n\t\t<\/div>\n\t\t\t\t<\/div>\n\t\t\t\t<\/div>\n\t\t\t\t\t<\/div>\n\t\t<\/div>\n\t\t\t\t\t<\/div>\n\t\t<\/section>\n\t\t\t\t\t<\/div>\n\t\t<\/div>\n\t\t\t\t\t<\/div>\n\t\t<\/section>\n\t\t\t\t<section class=\"elementor-section elementor-top-section elementor-element elementor-element-2d7e7c3 elementor-section-boxed elementor-section-height-default elementor-section-height-default\" data-id=\"2d7e7c3\" data-element_type=\"section\" data-settings=\"{&quot;background_background&quot;:&quot;classic&quot;}\">\n\t\t\t\t\t\t\t<div class=\"elementor-background-overlay\"><\/div>\n\t\t\t\t\t\t\t<div class=\"elementor-container elementor-column-gap-no\">\n\t\t\t\t\t<div class=\"elementor-column elementor-col-100 elementor-top-column elementor-element elementor-element-ef8f06f\" data-id=\"ef8f06f\" data-element_type=\"column\">\n\t\t\t<div class=\"elementor-widget-wrap elementor-element-populated\">\n\t\t\t\t\t\t<section class=\"elementor-section elementor-inner-section elementor-element elementor-element-edfac67 elementor-section-boxed elementor-section-height-default elementor-section-height-default\" data-id=\"edfac67\" data-element_type=\"section\">\n\t\t\t\t\t\t<div class=\"elementor-container elementor-column-gap-no\">\n\t\t\t\t\t<div class=\"elementor-column elementor-col-100 elementor-inner-column elementor-element elementor-element-07cce40\" data-id=\"07cce40\" data-element_type=\"column\">\n\t\t\t<div class=\"elementor-widget-wrap elementor-element-populated\">\n\t\t\t\t\t\t<div class=\"elementor-element elementor-element-22828f9 elementor-widget elementor-widget-heading\" data-id=\"22828f9\" data-element_type=\"widget\" data-widget_type=\"heading.default\">\n\t\t\t\t<div class=\"elementor-widget-container\">\n\t\t\t<h2 class=\"elementor-heading-title elementor-size-default\">Niorg Fertilizantes<\/h2>\t\t<\/div>\n\t\t\t\t<\/div>\n\t\t\t\t<div class=\"elementor-element elementor-element-81baeb4 elementor-widget elementor-widget-heading\" data-id=\"81baeb4\" data-element_type=\"widget\" data-widget_type=\"heading.default\">\n\t\t\t\t<div class=\"elementor-widget-container\">\n\t\t\t<h2 class=\"elementor-heading-title elementor-size-default\">\nSomos a Niorg Fertilizantes<\/h2>\t\t<\/div>\n\t\t\t\t<\/div>\n\t\t\t\t<div class=\"elementor-element elementor-element-7e227bb elementor-widget elementor-widget-heading\" data-id=\"7e227bb\" data-element_type=\"widget\" data-widget_type=\"heading.default\">\n\t\t\t\t<div class=\"elementor-widget-container\">\n\t\t\t<h2 class=\"elementor-heading-title elementor-size-default\">A Niorg Fertilizantes Ltda, empresa com sede em Santa Catarina, atende v\u00e1rios estados brasileiros, levando solu\u00e7\u00f5es agr\u00edcolas de alta qualidade aos agricultores.<\/h2>\t\t<\/div>\n\t\t\t\t<\/div>\n\t\t\t\t<div class=\"elementor-element elementor-element-81bfb4f elementor-align-center elementor-mobile-align-center elementor-widget elementor-widget-button\" data-id=\"81bfb4f\" data-element_type=\"widget\" data-widget_type=\"button.default\">\n\t\t\t\t<div class=\"elementor-widget-container\">\n\t\t\t\t\t<div class=\"elementor-button-wrapper\">\n\t\t\t<a class=\"elementor-button elementor-button-link elementor-size-sm\" href=\"http:\/\/niorg.com.br\/?page_id=27\">\n\t\t\t\t\t\t<span class=\"elementor-button-content-wrapper\">\n\t\t\t\t\t\t\t\t\t<span class=\"elementor-button-text\">Saiba Mais<\/span>\n\t\t\t\t\t<\/span>\n\t\t\t\t\t<\/a>\n\t\t<\/div>\n\t\t\t\t<\/div>\n\t\t\t\t<\/div>\n\t\t\t\t\t<\/div>\n\t\t<\/div>\n\t\t\t\t\t<\/div>\n\t\t<\/section>\n\t\t\t\t\t<\/div>\n\t\t<\/div>\n\t\t\t\t\t<\/div>\n\t\t<\/section>\n\t\t\t\t<\/div>\n\t\t","protected":false},"excerpt":{"rendered":"<p>Niorg Fertilizantes Amor a Terra Niorg Fertilizantes Solu\u00e7\u00f5es Agr\u00edcolas Inovadoras Oferecemos produtos e servi\u00e7os de alta qualidade e confiabilidade. Tecnologia Desde 2001 \u00e0 frente de pesquisas no mercado agr\u00edcola Qualidade Fertilizantes desenvolvidos com a mais alta tecnologia Produtividade Solu\u00e7\u00f5es agr\u00edcolas ambientalmente adequadas Niorg Fertilizantes Melhor Desempenho Da Sua Lavoura Com a mais alta tecnologia, produzimos [&hellip;]<\/p>\n","protected":false},"author":1,"featured_media":0,"parent":0,"menu_order":0,"comment_status":"closed","ping_status":"closed","template":"","meta":{"footnotes":""},"_links":{"self":[{"href":"https:\/\/niorg.com.br\/index.php?rest_route=\/wp\/v2\/pages\/8"}],"collection":[{"href":"https:\/\/niorg.com.br\/index.php?rest_route=\/wp\/v2\/pages"}],"about":[{"href":"https:\/\/niorg.com.br\/index.php?rest_route=\/wp\/v2\/types\/page"}],"author":[{"embeddable":true,"href":"https:\/\/niorg.com.br\/index.php?rest_route=\/wp\/v2\/users\/1"}],"replies":[{"embeddable":true,"href":"https:\/\/niorg.com.br\/index.php?rest_route=%2Fwp%2Fv2%2Fcomments&post=8"}],"version-history":[{"count":328,"href":"https:\/\/niorg.com.br\/index.php?rest_route=\/wp\/v2\/pages\/8\/revisions"}],"predecessor-version":[{"id":1747,"href":"https:\/\/niorg.com.br\/index.php?rest_route=\/wp\/v2\/pages\/8\/revisions\/1747"}],"wp:attachment":[{"href":"https:\/\/niorg.com.br\/index.php?rest_route=%2Fwp%2Fv2%2Fmedia&parent=8"}],"curies":[{"name":"wp","href":"https:\/\/api.w.org\/{rel}","templated":true}]}}