{"id":1192,"date":"2019-02-26T09:33:48","date_gmt":"2019-02-26T12:33:48","guid":{"rendered":"http:\/\/niorg.com.br\/?page_id=1192"},"modified":"2021-04-23T01:20:37","modified_gmt":"2021-04-23T04:20:37","slug":"acao-dos-fertilizantes-niorg","status":"publish","type":"page","link":"https:\/\/niorg.com.br\/?page_id=1192","title":{"rendered":"A\u00e7\u00e3o Dos Fertilizantes Niorg"},"content":{"rendered":"\t\t<div data-elementor-type=\"wp-post\" data-elementor-id=\"1192\" class=\"elementor elementor-1192\" data-elementor-post-type=\"page\">\n\t\t\t\t\t\t<section class=\"elementor-section elementor-top-section elementor-element elementor-element-59334b4 elementor-section-content-middle elementor-section-boxed elementor-section-height-default elementor-section-height-default\" data-id=\"59334b4\" data-element_type=\"section\" data-settings=\"{&quot;background_background&quot;:&quot;classic&quot;}\">\n\t\t\t\t\t\t\t<div class=\"elementor-background-overlay\"><\/div>\n\t\t\t\t\t\t\t<div class=\"elementor-container elementor-column-gap-no\">\n\t\t\t\t\t<div class=\"elementor-column elementor-col-100 elementor-top-column elementor-element elementor-element-ac7e1a4\" data-id=\"ac7e1a4\" data-element_type=\"column\">\n\t\t\t<div class=\"elementor-widget-wrap elementor-element-populated\">\n\t\t\t\t\t\t<div class=\"elementor-element elementor-element-93860ec elementor-widget elementor-widget-heading\" data-id=\"93860ec\" data-element_type=\"widget\" data-widget_type=\"heading.default\">\n\t\t\t\t<div class=\"elementor-widget-container\">\n\t\t\t<h2 class=\"elementor-heading-title elementor-size-default\">A\u00e7\u00e3o Dos Fertilizantes Niorg<\/h2>\t\t<\/div>\n\t\t\t\t<\/div>\n\t\t\t\t<div class=\"elementor-element elementor-element-92a9d49 elementor-widget elementor-widget-heading\" data-id=\"92a9d49\" data-element_type=\"widget\" data-widget_type=\"heading.default\">\n\t\t\t\t<div class=\"elementor-widget-container\">\n\t\t\t<h2 class=\"elementor-heading-title elementor-size-default\">A linha de Fertilizantes Niorg contribui para o aumento da produtividade das lavouras, trazendo ganhos econ\u00f4micos e ambientais.  Fornece ainda mat\u00e9ria org\u00e2nica aos solos, repondo poss\u00edveis perdas do cultivo, aumentando a atividade macrobiana, fornecendo micro e macro nutrientes e protegendo o solo contra o stress h\u00eddrico. <\/h2>\t\t<\/div>\n\t\t\t\t<\/div>\n\t\t\t\t\t<\/div>\n\t\t<\/div>\n\t\t\t\t\t<\/div>\n\t\t<\/section>\n\t\t\t\t<section class=\"elementor-section elementor-top-section elementor-element elementor-element-9c5eb74 elementor-section-content-middle elementor-reverse-tablet elementor-reverse-mobile elementor-section-boxed elementor-section-height-default elementor-section-height-default\" data-id=\"9c5eb74\" data-element_type=\"section\" data-settings=\"{&quot;background_background&quot;:&quot;gradient&quot;}\">\n\t\t\t\t\t\t\t<div class=\"elementor-background-overlay\"><\/div>\n\t\t\t\t\t\t\t<div class=\"elementor-container elementor-column-gap-no\">\n\t\t\t\t\t<div class=\"elementor-column elementor-col-100 elementor-top-column elementor-element elementor-element-7d8e655\" data-id=\"7d8e655\" data-element_type=\"column\">\n\t\t\t<div class=\"elementor-widget-wrap elementor-element-populated\">\n\t\t\t\t\t\t<div class=\"elementor-element elementor-element-017d799 elementor-widget elementor-widget-image\" data-id=\"017d799\" data-element_type=\"widget\" data-widget_type=\"image.default\">\n\t\t\t\t<div class=\"elementor-widget-container\">\n\t\t\t\t\t\t\t\t\t\t\t\t\t<img fetchpriority=\"high\" decoding=\"async\" width=\"1200\" height=\"1257\" src=\"https:\/\/niorg.com.br\/wp-content\/uploads\/2019\/05\/NIORG-soja-para-sites2-af-3-3-3-2222222compress.png\" class=\"attachment-full size-full wp-image-1672\" alt=\"\" srcset=\"https:\/\/niorg.com.br\/wp-content\/uploads\/2019\/05\/NIORG-soja-para-sites2-af-3-3-3-2222222compress.png 1200w, https:\/\/niorg.com.br\/wp-content\/uploads\/2019\/05\/NIORG-soja-para-sites2-af-3-3-3-2222222compress-286x300.png 286w, https:\/\/niorg.com.br\/wp-content\/uploads\/2019\/05\/NIORG-soja-para-sites2-af-3-3-3-2222222compress-768x804.png 768w, https:\/\/niorg.com.br\/wp-content\/uploads\/2019\/05\/NIORG-soja-para-sites2-af-3-3-3-2222222compress-978x1024.png 978w\" sizes=\"(max-width: 1200px) 100vw, 1200px\" \/>\t\t\t\t\t\t\t\t\t\t\t\t\t<\/div>\n\t\t\t\t<\/div>\n\t\t\t\t\t<\/div>\n\t\t<\/div>\n\t\t\t\t\t<\/div>\n\t\t<\/section>\n\t\t\t\t<section class=\"elementor-section elementor-top-section elementor-element elementor-element-2e45e35 elementor-section-boxed elementor-section-height-default elementor-section-height-default\" data-id=\"2e45e35\" data-element_type=\"section\" data-settings=\"{&quot;background_background&quot;:&quot;classic&quot;}\">\n\t\t\t\t\t\t\t<div class=\"elementor-background-overlay\"><\/div>\n\t\t\t\t\t\t\t<div class=\"elementor-container elementor-column-gap-no\">\n\t\t\t\t\t<div class=\"elementor-column elementor-col-100 elementor-top-column elementor-element elementor-element-774b197\" data-id=\"774b197\" data-element_type=\"column\">\n\t\t\t<div class=\"elementor-widget-wrap elementor-element-populated\">\n\t\t\t\t\t\t<section class=\"elementor-section elementor-inner-section elementor-element elementor-element-a0d631f elementor-section-full_width elementor-section-height-default elementor-section-height-default\" data-id=\"a0d631f\" data-element_type=\"section\">\n\t\t\t\t\t\t<div class=\"elementor-container elementor-column-gap-no\">\n\t\t\t\t\t<div class=\"elementor-column elementor-col-100 elementor-inner-column elementor-element elementor-element-0f64c7b\" data-id=\"0f64c7b\" data-element_type=\"column\">\n\t\t\t<div class=\"elementor-widget-wrap elementor-element-populated\">\n\t\t\t\t\t\t<div class=\"elementor-element elementor-element-cc6dbcc elementor-widget elementor-widget-heading\" data-id=\"cc6dbcc\" data-element_type=\"widget\" data-widget_type=\"heading.default\">\n\t\t\t\t<div class=\"elementor-widget-container\">\n\t\t\t<h2 class=\"elementor-heading-title elementor-size-default\">Niorg Fertilizantes<\/h2>\t\t<\/div>\n\t\t\t\t<\/div>\n\t\t\t\t<div class=\"elementor-element elementor-element-934504a elementor-widget elementor-widget-heading\" data-id=\"934504a\" data-element_type=\"widget\" data-widget_type=\"heading.default\">\n\t\t\t\t<div class=\"elementor-widget-container\">\n\t\t\t<h2 class=\"elementor-heading-title elementor-size-default\">Veja Tamb\u00e9m<\/h2>\t\t<\/div>\n\t\t\t\t<\/div>\n\t\t\t\t\t<\/div>\n\t\t<\/div>\n\t\t\t\t\t<\/div>\n\t\t<\/section>\n\t\t\t\t<section class=\"elementor-section elementor-inner-section elementor-element elementor-element-9671c19 elementor-section-full_width elementor-section-height-default elementor-section-height-default\" data-id=\"9671c19\" data-element_type=\"section\">\n\t\t\t\t\t\t<div class=\"elementor-container elementor-column-gap-no\">\n\t\t\t\t\t<div class=\"elementor-column elementor-col-100 elementor-inner-column elementor-element elementor-element-727714e\" data-id=\"727714e\" data-element_type=\"column\">\n\t\t\t<div class=\"elementor-widget-wrap elementor-element-populated\">\n\t\t\t\t\t\t<div class=\"elementor-element elementor-element-f752d82 elementor-skin-carousel elementor-widget elementor-widget-media-carousel\" data-id=\"f752d82\" data-element_type=\"widget\" data-settings=\"{&quot;slides_per_view&quot;:&quot;3&quot;,&quot;slides_to_scroll&quot;:&quot;1&quot;,&quot;autoplay_speed&quot;:3500,&quot;space_between&quot;:{&quot;unit&quot;:&quot;px&quot;,&quot;size&quot;:50,&quot;sizes&quot;:[]},&quot;slides_per_view_mobile&quot;:&quot;1&quot;,&quot;slides_to_scroll_mobile&quot;:&quot;1&quot;,&quot;skin&quot;:&quot;carousel&quot;,&quot;effect&quot;:&quot;slide&quot;,&quot;speed&quot;:500,&quot;autoplay&quot;:&quot;yes&quot;,&quot;loop&quot;:&quot;yes&quot;,&quot;pause_on_hover&quot;:&quot;yes&quot;,&quot;space_between_tablet&quot;:{&quot;unit&quot;:&quot;px&quot;,&quot;size&quot;:10,&quot;sizes&quot;:[]},&quot;space_between_mobile&quot;:{&quot;unit&quot;:&quot;px&quot;,&quot;size&quot;:10,&quot;sizes&quot;:[]}}\" data-widget_type=\"media-carousel.default\">\n\t\t\t\t<div class=\"elementor-widget-container\">\n\t\t\t\t\t<div class=\"elementor-swiper\">\n\t\t\t<div class=\"elementor-main-swiper swiper\">\n\t\t\t\t<div class=\"swiper-wrapper\">\n\t\t\t\t\t\t\t\t\t\t\t<div class=\"swiper-slide\">\n\t\t\t\t\t\t\t\t\t<div class=\"elementor-carousel-image\" role=\"img\" aria-label=\"big-bag-1-compress\" style=\"background-image: url(&#039;https:\/\/niorg.com.br\/wp-content\/uploads\/2019\/04\/big-bag-1-compress.png&#039;)\">\n\n\t\t\t\n\t\t\t\t\t<\/div>\n\t\t\t\t\t\t\t\t<\/div>\n\t\t\t\t\t\t\t\t\t\t\t<div class=\"swiper-slide\">\n\t\t\t\t\t\t\t<a href=\"http:\/\/niorg.com.br\/n-hf\/\">\t\t<div class=\"elementor-carousel-image\" role=\"img\" aria-label=\"n-hf-2-compress\" style=\"background-image: url(&#039;https:\/\/niorg.com.br\/wp-content\/uploads\/2018\/12\/n-hf-2-compress.png&#039;)\">\n\n\t\t\t\n\t\t\t\t\t<\/div>\n\t\t<\/a>\t\t\t\t\t\t<\/div>\n\t\t\t\t\t\t\t\t\t\t\t<div class=\"swiper-slide\">\n\t\t\t\t\t\t\t<a href=\"http:\/\/niorg.com.br\/n-action\/\">\t\t<div class=\"elementor-carousel-image\" role=\"img\" aria-label=\"n-action-2-compress\" style=\"background-image: url(&#039;https:\/\/niorg.com.br\/wp-content\/uploads\/2018\/12\/n-action-2-compress.png&#039;)\">\n\n\t\t\t\n\t\t\t\t\t<\/div>\n\t\t<\/a>\t\t\t\t\t\t<\/div>\n\t\t\t\t\t\t\t\t\t\t\t<div class=\"swiper-slide\">\n\t\t\t\t\t\t\t<a href=\"http:\/\/niorg.com.br\/n-pro\/\">\t\t<div class=\"elementor-carousel-image\" role=\"img\" aria-label=\"n-pro-2-compress\" style=\"background-image: url(&#039;https:\/\/niorg.com.br\/wp-content\/uploads\/2018\/12\/n-pro-2-compress.png&#039;)\">\n\n\t\t\t\n\t\t\t\t\t<\/div>\n\t\t<\/a>\t\t\t\t\t\t<\/div>\n\t\t\t\t\t\t\t\t\t\t\t<div class=\"swiper-slide\">\n\t\t\t\t\t\t\t<a href=\"http:\/\/niorg.com.br\/n-evo\/\">\t\t<div class=\"elementor-carousel-image\" role=\"img\" aria-label=\"n-evo-2-compress\" style=\"background-image: url(&#039;https:\/\/niorg.com.br\/wp-content\/uploads\/2018\/12\/n-evo-2-compress.png&#039;)\">\n\n\t\t\t\n\t\t\t\t\t<\/div>\n\t\t<\/a>\t\t\t\t\t\t<\/div>\n\t\t\t\t\t\t\t\t\t\t\t<div class=\"swiper-slide\">\n\t\t\t\t\t\t\t<a href=\"http:\/\/niorg.com.br\/linha-organica\/\">\t\t<div class=\"elementor-carousel-image\" role=\"img\" aria-label=\"niorg-organico-3\" style=\"background-image: url(&#039;https:\/\/niorg.com.br\/wp-content\/uploads\/2019\/02\/niorg-organico-3.png&#039;)\">\n\n\t\t\t\n\t\t\t\t\t<\/div>\n\t\t<\/a>\t\t\t\t\t\t<\/div>\n\t\t\t\t\t\t\t\t\t<\/div>\n\t\t\t\t\t\t\t\t\t\t\t\t\t\t\t\t\t\t\t\t\t<\/div>\n\t\t<\/div>\n\t\t\t\t<\/div>\n\t\t\t\t<\/div>\n\t\t\t\t\t<\/div>\n\t\t<\/div>\n\t\t\t\t\t<\/div>\n\t\t<\/section>\n\t\t\t\t\t<\/div>\n\t\t<\/div>\n\t\t\t\t\t<\/div>\n\t\t<\/section>\n\t\t\t\t<\/div>\n\t\t","protected":false},"excerpt":{"rendered":"<p>A\u00e7\u00e3o Dos Fertilizantes Niorg A linha de Fertilizantes Niorg contribui para o aumento da produtividade das lavouras, trazendo ganhos econ\u00f4micos e ambientais. Fornece ainda mat\u00e9ria org\u00e2nica aos solos, repondo poss\u00edveis perdas do cultivo, aumentando a atividade macrobiana, fornecendo micro e macro nutrientes e protegendo o solo contra o stress h\u00eddrico. Niorg Fertilizantes Veja Tamb\u00e9m<\/p>\n","protected":false},"author":1,"featured_media":0,"parent":0,"menu_order":0,"comment_status":"closed","ping_status":"closed","template":"","meta":{"footnotes":""},"_links":{"self":[{"href":"https:\/\/niorg.com.br\/index.php?rest_route=\/wp\/v2\/pages\/1192"}],"collection":[{"href":"https:\/\/niorg.com.br\/index.php?rest_route=\/wp\/v2\/pages"}],"about":[{"href":"https:\/\/niorg.com.br\/index.php?rest_route=\/wp\/v2\/types\/page"}],"author":[{"embeddable":true,"href":"https:\/\/niorg.com.br\/index.php?rest_route=\/wp\/v2\/users\/1"}],"replies":[{"embeddable":true,"href":"https:\/\/niorg.com.br\/index.php?rest_route=%2Fwp%2Fv2%2Fcomments&post=1192"}],"version-history":[{"count":47,"href":"https:\/\/niorg.com.br\/index.php?rest_route=\/wp\/v2\/pages\/1192\/revisions"}],"predecessor-version":[{"id":1714,"href":"https:\/\/niorg.com.br\/index.php?rest_route=\/wp\/v2\/pages\/1192\/revisions\/1714"}],"wp:attachment":[{"href":"https:\/\/niorg.com.br\/index.php?rest_route=%2Fwp%2Fv2%2Fmedia&parent=1192"}],"curies":[{"name":"wp","href":"https:\/\/api.w.org\/{rel}","templated":true}]}}